{"id":38,"date":"2025-11-03T12:08:13","date_gmt":"2025-11-03T12:08:13","guid":{"rendered":"http:\/\/hellomarkus.fr\/?page_id=38"},"modified":"2025-11-07T15:48:17","modified_gmt":"2025-11-07T15:48:17","slug":"accueil","status":"publish","type":"page","link":"https:\/\/hellomarkus.fr\/","title":{"rendered":"Accueil"},"content":{"rendered":"\n<div class=\"wp-block-cover alignfull\" style=\"padding-top:17%;padding-bottom:3rem;min-height:653px;aspect-ratio:unset;\"><img loading=\"lazy\" decoding=\"async\" width=\"1024\" height=\"683\" class=\"wp-block-cover__image-background wp-image-60 size-large\" alt=\"\" src=\"http:\/\/hellomarkus.fr\/wp-content\/uploads\/2025\/11\/pexels-ron-lach-9643099-1024x683.jpg\" style=\"object-position:50% 50%\" data-object-fit=\"cover\" data-object-position=\"50% 50%\" srcset=\"https:\/\/hellomarkus.fr\/wp-content\/uploads\/2025\/11\/pexels-ron-lach-9643099-1024x683.jpg 1024w, https:\/\/hellomarkus.fr\/wp-content\/uploads\/2025\/11\/pexels-ron-lach-9643099-300x200.jpg 300w, https:\/\/hellomarkus.fr\/wp-content\/uploads\/2025\/11\/pexels-ron-lach-9643099-768x512.jpg 768w, https:\/\/hellomarkus.fr\/wp-content\/uploads\/2025\/11\/pexels-ron-lach-9643099-1536x1024.jpg 1536w, https:\/\/hellomarkus.fr\/wp-content\/uploads\/2025\/11\/pexels-ron-lach-9643099-2048x1366.jpg 2048w\" sizes=\"auto, (max-width: 1024px) 100vw, 1024px\" \/><span aria-hidden=\"true\" class=\"wp-block-cover__background has-background-dim-20 has-background-dim\" style=\"background-color:#444444\"><\/span><div class=\"wp-block-cover__inner-container has-global-padding is-layout-constrained wp-block-cover-is-layout-constrained\">\n<div class=\"wp-block-group alignwide is-style-default is-vertical is-content-justification-left is-layout-flex wp-container-core-group-is-layout-51135e8a wp-block-group-is-layout-flex\" style=\"min-height:520px;padding-top:0;padding-bottom:0\">\n<div class=\"wp-block-group has-global-padding is-layout-constrained wp-container-core-group-is-layout-92ef7b19 wp-block-group-is-layout-constrained\">\n<h2 class=\"wp-block-heading has-text-align-left has-text-color has-link-color wp-elements-5c956c16abd105381a1d235613f94e2c\" style=\"color:#3d4df5;margin-bottom:1.01rem;font-size:clamp(1.884rem, 1.884rem + ((1vw - 0.2rem) * 2.575), 3.3rem);font-style:normal;font-weight:600;line-height:1\">Faire du sport n&rsquo;aura jamais \u00e9t\u00e9 aussi&nbsp;accessible<\/h2>\n\n\n\n<p class=\"has-text-align-left has-text-color\" style=\"color:#fffffd;margin-top:0;margin-bottom:0;padding-top:0;padding-right:0;padding-bottom:0;padding-left:0;font-size:clamp(0.935rem, 0.935rem + ((1vw - 0.2rem) * 0.864), 1.41rem);font-style:normal;font-weight:400;line-height:1.3\">Quelles que soient vos limitations fonctionnelles, trouvez la structure sportive adapt\u00e9e qui vous convient.<\/p>\n\n\n\n<div class=\"wp-block-group is-vertical is-content-justification-stretch is-layout-flex wp-container-core-group-is-layout-53ad70e0 wp-block-group-is-layout-flex\" style=\"margin-top:1.61rem;padding-right:0px;padding-left:0px\">\n<div class=\"wp-block-group has-global-padding is-content-justification-left is-layout-constrained wp-container-core-group-is-layout-a938e025 wp-block-group-is-layout-constrained\" style=\"margin-top:0px\">\n<div class=\"wp-block-buttons is-horizontal is-content-justification-right is-layout-flex wp-container-core-buttons-is-layout-099266fd wp-block-buttons-is-layout-flex\" style=\"margin-top:0.51rem\">\n<div class=\"wp-block-button has-custom-width wp-block-button__width-100 is-style-fill\"><a class=\"wp-block-button__link has-text-color has-background has-custom-font-size wp-element-button\" href=\"https:\/\/hellomarkus.fr\/index.php\/a-propos\/\" style=\"border-style:none;border-width:0px;border-radius:6rem;color:#fffffd;background-color:#3d4df5;padding-top:0.71rem;padding-right:0rem;padding-bottom:0.71rem;padding-left:0rem;font-size:clamp(0.875rem, 0.875rem + ((1vw - 0.2rem) * 0.245), 1.01rem);font-style:normal;font-weight:300;line-height:1.3;text-transform:none\"><strong>En savoir plus<\/strong><\/a><\/div>\n<\/div>\n<\/div>\n<\/div>\n<\/div>\n<\/div>\n<\/div><\/div>\n\n\n\n<div class=\"wp-block-group alignfull has-background has-small-font-size has-global-padding is-layout-constrained wp-container-core-group-is-layout-6459fa6a wp-block-group-is-layout-constrained\" style=\"border-style:none;border-width:0px;border-radius:0px;background-color:#fff3ea;min-height:0px;margin-top:0px;margin-bottom:0px;padding-top:58px;padding-right:0px;padding-bottom:58px;padding-left:0px\">\n<div class=\"wp-block-columns are-vertically-aligned-center is-layout-flex wp-container-core-columns-is-layout-28f84493 wp-block-columns-is-layout-flex\">\n<div class=\"wp-block-column is-vertically-aligned-center is-layout-flow wp-block-column-is-layout-flow\">\n<figure class=\"wp-block-image size-full is-resized\"><img loading=\"lazy\" decoding=\"async\" width=\"852\" height=\"384\" src=\"http:\/\/hellomarkus.fr\/wp-content\/uploads\/2025\/11\/LOGO-pour-site-markus.webp\" alt=\"\" class=\"wp-image-97\" style=\"width:131px;height:auto\" srcset=\"https:\/\/hellomarkus.fr\/wp-content\/uploads\/2025\/11\/LOGO-pour-site-markus.webp 852w, https:\/\/hellomarkus.fr\/wp-content\/uploads\/2025\/11\/LOGO-pour-site-markus-300x135.webp 300w, https:\/\/hellomarkus.fr\/wp-content\/uploads\/2025\/11\/LOGO-pour-site-markus-768x346.webp 768w\" sizes=\"auto, (max-width: 852px) 100vw, 852px\" \/><\/figure>\n<\/div>\n\n\n\n<div class=\"wp-block-column is-vertically-aligned-center is-layout-flow wp-block-column-is-layout-flow\">\n<figure class=\"wp-block-image size-full\"><img loading=\"lazy\" decoding=\"async\" width=\"1200\" height=\"430\" src=\"http:\/\/hellomarkus.fr\/wp-content\/uploads\/2025\/11\/Handilab.jpg\" alt=\"\" class=\"wp-image-98\" srcset=\"https:\/\/hellomarkus.fr\/wp-content\/uploads\/2025\/11\/Handilab.jpg 1200w, https:\/\/hellomarkus.fr\/wp-content\/uploads\/2025\/11\/Handilab-300x108.jpg 300w, https:\/\/hellomarkus.fr\/wp-content\/uploads\/2025\/11\/Handilab-1024x367.jpg 1024w, https:\/\/hellomarkus.fr\/wp-content\/uploads\/2025\/11\/Handilab-768x275.jpg 768w\" sizes=\"auto, (max-width: 1200px) 100vw, 1200px\" \/><\/figure>\n<\/div>\n\n\n\n<div class=\"wp-block-column is-vertically-aligned-center is-layout-flow wp-block-column-is-layout-flow\">\n<figure class=\"wp-block-image size-full is-resized\"><img loading=\"lazy\" decoding=\"async\" width=\"1355\" height=\"946\" src=\"http:\/\/hellomarkus.fr\/wp-content\/uploads\/2025\/11\/handeo.webp\" alt=\"\" class=\"wp-image-99\" style=\"width:81px;height:auto\" srcset=\"https:\/\/hellomarkus.fr\/wp-content\/uploads\/2025\/11\/handeo.webp 1355w, https:\/\/hellomarkus.fr\/wp-content\/uploads\/2025\/11\/handeo-300x209.webp 300w, https:\/\/hellomarkus.fr\/wp-content\/uploads\/2025\/11\/handeo-1024x715.webp 1024w, https:\/\/hellomarkus.fr\/wp-content\/uploads\/2025\/11\/handeo-768x536.webp 768w\" sizes=\"auto, (max-width: 1355px) 100vw, 1355px\" \/><\/figure>\n<\/div>\n\n\n\n<div class=\"wp-block-column is-vertically-aligned-center is-layout-flow wp-block-column-is-layout-flow\">\n<figure class=\"wp-block-image size-full is-resized\"><img loading=\"lazy\" decoding=\"async\" width=\"1140\" height=\"618\" src=\"http:\/\/hellomarkus.fr\/wp-content\/uploads\/2025\/11\/logo-idf-2019.jpg.webp\" alt=\"\" class=\"wp-image-100\" style=\"width:116px;height:auto\" srcset=\"https:\/\/hellomarkus.fr\/wp-content\/uploads\/2025\/11\/logo-idf-2019.jpg.webp 1140w, https:\/\/hellomarkus.fr\/wp-content\/uploads\/2025\/11\/logo-idf-2019.jpg-300x163.webp 300w, https:\/\/hellomarkus.fr\/wp-content\/uploads\/2025\/11\/logo-idf-2019.jpg-1024x555.webp 1024w, https:\/\/hellomarkus.fr\/wp-content\/uploads\/2025\/11\/logo-idf-2019.jpg-768x416.webp 768w\" sizes=\"auto, (max-width: 1140px) 100vw, 1140px\" \/><\/figure>\n<\/div>\n<\/div>\n<\/div>\n\n\n\n<section class=\"wp-block-group alignfull has-background is-content-justification-center is-nowrap is-layout-flex wp-container-core-group-is-layout-2fd927db wp-block-group-is-layout-flex\" style=\"background-color:#fff3ea;margin-top:0px;padding-top:6rem;padding-right:1rem;padding-bottom:4.5rem;padding-left:1rem;font-size:clamp(0.875rem, 0.875rem + ((1vw - 0.2rem) * 0.464), 1.13rem);font-style:normal;font-weight:400;line-height:1.4\">\n<div class=\"wp-block-columns is-layout-flex wp-container-core-columns-is-layout-2e7296b4 wp-block-columns-is-layout-flex\" style=\"margin-bottom:0px\">\n<div class=\"wp-block-column is-vertically-aligned-center is-layout-flow wp-block-column-is-layout-flow\" style=\"padding-right:1rem;padding-left:1rem;flex-basis:35%\">\n<figure class=\"wp-block-image aligncenter size-full is-resized has-custom-border is-style-rounded\" style=\"margin-top:0;margin-right:0;margin-bottom:0;margin-left:0\"><img loading=\"lazy\" decoding=\"async\" width=\"1707\" height=\"2560\" src=\"http:\/\/hellomarkus.fr\/wp-content\/uploads\/2025\/11\/pexels-elevate-3009756-1-scaled.jpg\" alt=\"\" class=\"wp-image-101\" style=\"border-radius:30px;width:276px;height:auto\" srcset=\"https:\/\/hellomarkus.fr\/wp-content\/uploads\/2025\/11\/pexels-elevate-3009756-1-scaled.jpg 1707w, https:\/\/hellomarkus.fr\/wp-content\/uploads\/2025\/11\/pexels-elevate-3009756-1-200x300.jpg 200w, https:\/\/hellomarkus.fr\/wp-content\/uploads\/2025\/11\/pexels-elevate-3009756-1-683x1024.jpg 683w, https:\/\/hellomarkus.fr\/wp-content\/uploads\/2025\/11\/pexels-elevate-3009756-1-768x1152.jpg 768w, https:\/\/hellomarkus.fr\/wp-content\/uploads\/2025\/11\/pexels-elevate-3009756-1-1024x1536.jpg 1024w, https:\/\/hellomarkus.fr\/wp-content\/uploads\/2025\/11\/pexels-elevate-3009756-1-1365x2048.jpg 1365w\" sizes=\"auto, (max-width: 1707px) 100vw, 1707px\" \/><\/figure>\n<\/div>\n\n\n\n<div class=\"wp-block-column has-global-padding is-content-justification-right is-layout-constrained wp-container-core-column-is-layout-de0c2143 wp-block-column-is-layout-constrained\" style=\"border-style:none;border-width:0px;padding-top:var(--wp--preset--spacing--40);padding-right:0;padding-bottom:0\">\n<div class=\"wp-block-group has-global-padding is-layout-constrained wp-container-core-group-is-layout-dca71664 wp-block-group-is-layout-constrained\" style=\"min-height:100%\">\n<h3 class=\"wp-block-heading has-text-align-left has-text-color has-large-font-size\" style=\"color:#010101;margin-top:0rem;margin-right:0;margin-bottom:1.2rem;margin-left:0;font-style:normal;font-weight:600;letter-spacing:0px;line-height:1.2\">Pourquoi vous serez mieux ici qu&rsquo;ailleurs<\/h3>\n\n\n\n<p class=\"has-text-align-left has-text-color\" style=\"color:#010101;margin-top:0rem;font-size:clamp(0.875rem, 0.875rem + ((1vw - 0.2rem) * 0.245), 1.01rem);font-style:normal;font-weight:400;line-height:1.5\">Markus est un&nbsp;<strong>mouvement social et sportif<\/strong>.&nbsp;<br><strong>Notre mission est de d\u00e9mocratiser la pratique du sport pour tous<\/strong>.&nbsp;<br>Comment&nbsp;? En favorisant l\u2019insertion des personnes \u00e0 mobilit\u00e9 r\u00e9duite par une activit\u00e9 sportive dans des clubs et salles de sport grand public. &nbsp;<\/p>\n\n\n\n<div class=\"wp-block-group is-vertical is-content-justification-stretch is-layout-flex wp-container-core-group-is-layout-53ad70e0 wp-block-group-is-layout-flex\" style=\"margin-top:1.61rem;padding-right:0px;padding-left:0px\">\n<div class=\"wp-block-group has-global-padding is-content-justification-center is-layout-constrained wp-container-core-group-is-layout-2f0bcb29 wp-block-group-is-layout-constrained\" style=\"margin-top:0px\">\n<div class=\"wp-block-buttons is-horizontal is-content-justification-right is-layout-flex wp-container-core-buttons-is-layout-099266fd wp-block-buttons-is-layout-flex\" style=\"margin-top:0.51rem\">\n<div class=\"wp-block-button has-custom-width wp-block-button__width-100 is-style-fill\"><a class=\"wp-block-button__link has-text-color has-background has-custom-font-size wp-element-button\" href=\"https:\/\/hellomarkus.fr\/index.php\/a-propos\/\" style=\"border-style:none;border-width:0px;border-radius:1.2rem;color:#fffffd;background-color:#3d4df5;padding-top:0.71rem;padding-right:0.31rem;padding-bottom:0.71rem;padding-left:0.31rem;font-size:clamp(0.875rem, 0.875rem + ((1vw - 0.2rem) * 0.245), 1.01rem);font-style:normal;font-weight:600;line-height:1.5;text-transform:uppercase\">En savoir plus<\/a><\/div>\n<\/div>\n<\/div>\n<\/div>\n<\/div>\n<\/div>\n<\/div>\n<\/section>\n\n\n\n<div class=\"wp-block-cover alignfull has-text-color\" style=\"color:#212529;margin-top:0px;margin-bottom:0px;padding-top:0px;padding-right:var(--wp--preset--spacing--40);padding-bottom:0px;padding-left:var(--wp--preset--spacing--40);min-height:300px;aspect-ratio:unset;\"><img loading=\"lazy\" decoding=\"async\" width=\"1024\" height=\"768\" class=\"wp-block-cover__image-background wp-image-106 size-large\" alt=\"\" src=\"https:\/\/hellomarkus.fr\/wp-content\/uploads\/2025\/11\/pexels-ajaybhargavguduru-863988-1024x768.jpg\" data-object-fit=\"cover\" srcset=\"https:\/\/hellomarkus.fr\/wp-content\/uploads\/2025\/11\/pexels-ajaybhargavguduru-863988-1024x768.jpg 1024w, https:\/\/hellomarkus.fr\/wp-content\/uploads\/2025\/11\/pexels-ajaybhargavguduru-863988-300x225.jpg 300w, https:\/\/hellomarkus.fr\/wp-content\/uploads\/2025\/11\/pexels-ajaybhargavguduru-863988-768x576.jpg 768w, https:\/\/hellomarkus.fr\/wp-content\/uploads\/2025\/11\/pexels-ajaybhargavguduru-863988-1536x1152.jpg 1536w, https:\/\/hellomarkus.fr\/wp-content\/uploads\/2025\/11\/pexels-ajaybhargavguduru-863988-2048x1536.jpg 2048w\" sizes=\"auto, (max-width: 1024px) 100vw, 1024px\" \/><span aria-hidden=\"true\" class=\"wp-block-cover__background has-background-dim-40 has-background-dim\" style=\"background-color:#3e8dbd\"><\/span><div class=\"wp-block-cover__inner-container has-global-padding is-layout-constrained wp-container-core-cover-is-layout-d6791606 wp-block-cover-is-layout-constrained\">\n<div class=\"wp-block-columns is-layout-flex wp-container-core-columns-is-layout-52ef9d85 wp-block-columns-is-layout-flex\" style=\"margin-bottom:0px\">\n<div class=\"wp-block-column is-layout-flow wp-block-column-is-layout-flow\">\n<p class=\"has-text-align-left has-text-color\" style=\"color:#ffffff;font-size:clamp(38.682px, 2.418rem + ((1vw - 3.2px) * 3.786), 72px);font-style:normal;font-weight:700;line-height:1\">12 M<\/p>\n\n\n\n<p class=\"has-text-color\" style=\"color:#ffffff;margin-top:12px;font-size:clamp(14px, 0.875rem + ((1vw - 3.2px) * 0.114), 15px);line-height:1\">De Fran\u00e7ais en situation de handicap<\/p>\n<\/div>\n\n\n\n<div class=\"wp-block-column is-layout-flow wp-block-column-is-layout-flow\">\n<p class=\"has-text-align-left has-text-color\" style=\"color:#ffffff;font-size:clamp(38.682px, 2.418rem + ((1vw - 3.2px) * 3.786), 72px);font-style:normal;font-weight:700;line-height:1\">70%<\/p>\n\n\n\n<p class=\"has-text-color\" style=\"color:#ffffff;margin-top:12px;font-size:clamp(14px, 0.875rem + ((1vw - 3.2px) * 0.114), 15px);line-height:1\">De ces personnes sont tr\u00e8s int\u00e9ress\u00e9es par le sport<\/p>\n<\/div>\n\n\n\n<div class=\"wp-block-column is-layout-flow wp-block-column-is-layout-flow\">\n<p class=\"has-text-align-left has-text-color\" style=\"color:#ffffff;font-size:clamp(38.682px, 2.418rem + ((1vw - 3.2px) * 3.786), 72px);font-style:normal;font-weight:700;line-height:1\">80%<\/p>\n\n\n\n<p class=\"has-text-color\" style=\"color:#ffffff;margin-top:12px;font-size:clamp(14px, 0.875rem + ((1vw - 3.2px) * 0.114), 15px);line-height:1\">des handicaps sont invisibles<\/p>\n<\/div>\n<\/div>\n<\/div><\/div>\n\n\n\n<div class=\"wp-block-group alignfull has-background has-global-padding is-layout-constrained wp-container-core-group-is-layout-254f3e82 wp-block-group-is-layout-constrained\" style=\"background-color:#fff3ea;margin-top:0;margin-bottom:0;padding-top:48px;padding-bottom:48px\">\n<h2 class=\"wp-block-heading has-text-align-center has-text-color\" style=\"color:#3d4df5;font-size:clamp(29.768px, 1.861rem + ((1vw - 3.2px) * 2.526), 52px);font-style:normal;font-weight:600\"><strong>\u00c0 qui s&rsquo;adresse Markus ?<\/strong><\/h2>\n\n\n\n<p class=\"has-text-align-center\">\u00c0 toutes les personnes pr\u00eatent \u00e0 bousculer leurs pr\u00e9jug\u00e9s<\/p>\n\n\n\n<div class=\"wp-block-columns is-layout-flex wp-container-core-columns-is-layout-17070c2b wp-block-columns-is-layout-flex\">\n<div class=\"wp-block-column is-layout-flow wp-container-core-column-is-layout-8e67ede9 wp-block-column-is-layout-flow\" style=\"padding-top:0;padding-right:var(--wp--preset--spacing--50);padding-bottom:0;padding-left:var(--wp--preset--spacing--50)\">\n<figure class=\"wp-block-image aligncenter size-full is-resized is-style-rounded wp-duotone-unset-1\"><img loading=\"lazy\" decoding=\"async\" width=\"442\" height=\"506\" src=\"https:\/\/hellomarkus.fr\/wp-content\/uploads\/2025\/11\/picto-handicap-1.png\" alt=\"\" class=\"wp-image-112\" style=\"width:100px\" srcset=\"https:\/\/hellomarkus.fr\/wp-content\/uploads\/2025\/11\/picto-handicap-1.png 442w, https:\/\/hellomarkus.fr\/wp-content\/uploads\/2025\/11\/picto-handicap-1-262x300.png 262w\" sizes=\"auto, (max-width: 442px) 100vw, 442px\" \/><\/figure>\n\n\n\n<h6 class=\"wp-block-heading has-text-align-center has-text-color\" style=\"color:#000000;font-size:clamp(15.747px, 0.984rem + ((1vw - 3.2px) * 0.938), 24px);font-style:normal;font-weight:600;text-transform:none\">Personnes \u00e0 mobilit\u00e9 r\u00e9duite<\/h6>\n\n\n\n<p class=\"has-text-align-center has-text-color\" style=\"color:#000000;font-size:14px;line-height:1.8\">Personnes en situation de handicap, s\u00e9niors, femmes enceintes, ou tout simplement personnes en parcours de r\u00e9\u00e9ducation\/r\u00e9adaptation. Markus vous accompagne dans votre recherche d\u2019activit\u00e9s sportives adapt\u00e9es.<\/p>\n<\/div>\n\n\n\n<div class=\"wp-block-column is-layout-flow wp-container-core-column-is-layout-a0bc40eb wp-block-column-is-layout-flow\" style=\"border-style:none;border-width:0px;border-radius:0px;padding-top:0;padding-right:var(--wp--preset--spacing--50);padding-bottom:0;padding-left:var(--wp--preset--spacing--50)\">\n<figure class=\"wp-block-image aligncenter size-full is-resized wp-duotone-unset-2\"><img loading=\"lazy\" decoding=\"async\" width=\"612\" height=\"512\" src=\"https:\/\/hellomarkus.fr\/wp-content\/uploads\/2025\/11\/picto-salle-.png\" alt=\"\" class=\"wp-image-113\" style=\"width:136px;height:auto\" srcset=\"https:\/\/hellomarkus.fr\/wp-content\/uploads\/2025\/11\/picto-salle-.png 612w, https:\/\/hellomarkus.fr\/wp-content\/uploads\/2025\/11\/picto-salle--300x251.png 300w\" sizes=\"auto, (max-width: 612px) 100vw, 612px\" \/><\/figure>\n\n\n\n<h6 class=\"wp-block-heading has-text-align-center has-text-color\" style=\"color:#010101;font-size:clamp(15.747px, 0.984rem + ((1vw - 3.2px) * 0.938), 24px);font-style:normal;font-weight:600;text-transform:none\">G\u00e9rant(e) d&rsquo;une structure sportive<\/h6>\n\n\n\n<p class=\"has-text-align-center has-text-color\" style=\"color:#000000;font-size:14px;line-height:1.8\">Accueillir les personnes handicap\u00e9es, ce n&rsquo;est pas si compliqu\u00e9 ! Vous \u00eates g\u00e9rant d&rsquo;une structure sportive grand public et souhaitez d\u00e9velopper votre offre de service&nbsp;? Markus vous accompagne dans vos d\u00e9marches.<\/p>\n<\/div>\n<\/div>\n<\/div>\n\n\n\n<figure class=\"wp-block-image alignfull size-large wp-duotone-unset-3\" style=\"margin-top:0;margin-bottom:0\"><img loading=\"lazy\" decoding=\"async\" width=\"1024\" height=\"670\" src=\"https:\/\/hellomarkus.fr\/wp-content\/uploads\/2025\/11\/shema-markus-1-1-1024x670.png\" alt=\"\" class=\"wp-image-116\" srcset=\"https:\/\/hellomarkus.fr\/wp-content\/uploads\/2025\/11\/shema-markus-1-1-1024x670.png 1024w, https:\/\/hellomarkus.fr\/wp-content\/uploads\/2025\/11\/shema-markus-1-1-300x196.png 300w, https:\/\/hellomarkus.fr\/wp-content\/uploads\/2025\/11\/shema-markus-1-1-768x503.png 768w, https:\/\/hellomarkus.fr\/wp-content\/uploads\/2025\/11\/shema-markus-1-1-1536x1005.png 1536w, https:\/\/hellomarkus.fr\/wp-content\/uploads\/2025\/11\/shema-markus-1-1-2048x1341.png 2048w\" sizes=\"auto, (max-width: 1024px) 100vw, 1024px\" \/><\/figure>\n\n\n\n<section class=\"wp-block-group alignfull has-background has-global-padding is-layout-constrained wp-container-core-group-is-layout-8202059b wp-block-group-is-layout-constrained\" style=\"background-color:#fff3ea;margin-top:0px;padding-top:6rem;padding-right:1rem;padding-bottom:6rem;padding-left:1rem;font-size:clamp(0.875rem, 0.875rem + ((1vw - 0.2rem) * 0.464), 1.13rem);font-style:normal;font-weight:400;line-height:1.4\">\n<div class=\"wp-block-columns is-layout-flex wp-container-core-columns-is-layout-03ad6a19 wp-block-columns-is-layout-flex\" style=\"margin-bottom:0px\">\n<div class=\"wp-block-column is-vertically-aligned-center has-global-padding is-layout-constrained wp-container-core-column-is-layout-c4a7d96a wp-block-column-is-layout-constrained\" style=\"flex-basis:50%\">\n<h3 class=\"wp-block-heading has-text-align-left has-text-color has-suranna-font-family\" style=\"color:#010101;margin-top:0.5rem;margin-bottom:0rem;font-size:clamp(24.034px, 1.502rem + ((1vw - 3.2px) * 1.814), 40px);font-style:normal;font-weight:500;letter-spacing:0px;line-height:1.3\">Allier&nbsp;sport&nbsp;et mobilit\u00e9 r\u00e9duite, c&rsquo;est possible !<\/h3>\n\n\n\n<div class=\"wp-block-buttons is-horizontal is-content-justification-left is-layout-flex wp-container-core-buttons-is-layout-e2b2a405 wp-block-buttons-is-layout-flex\" style=\"margin-top:0.51rem;padding-top:var(--wp--preset--spacing--60);padding-bottom:var(--wp--preset--spacing--60)\">\n<div class=\"wp-block-button has-custom-width wp-block-button__width-50 is-style-fill\"><a class=\"wp-block-button__link has-text-color has-background has-pontano-sans-font-family has-custom-font-size wp-element-button\" href=\"#\" style=\"border-style:none;border-width:0px;border-radius:12.13rem;color:#fffffd;background-color:#3d4df5;padding-top:0.71rem;padding-right:0.31rem;padding-bottom:0.71rem;padding-left:0.31rem;font-size:clamp(0.875rem, 0.875rem + ((1vw - 0.2rem) * 0.245), 1.01rem);font-style:normal;font-weight:600;letter-spacing:1px;line-height:1.5;text-transform:uppercase\">Discover<\/a><\/div>\n<\/div>\n<\/div>\n\n\n\n<div class=\"wp-block-column is-vertically-aligned-center is-layout-flow wp-block-column-is-layout-flow\" style=\"flex-basis:50%\">\n<figure class=\"wp-block-image alignright size-full is-resized has-custom-border\"><img loading=\"lazy\" decoding=\"async\" width=\"2560\" height=\"1707\" src=\"https:\/\/hellomarkus.fr\/wp-content\/uploads\/2025\/11\/pexels-shvets-production-8415899-2-scaled.jpg\" alt=\"\" class=\"has-border-color has-tertiary-border-color wp-image-118\" style=\"border-width:1px;aspect-ratio:1;object-fit:cover;width:350px;height:auto\" srcset=\"https:\/\/hellomarkus.fr\/wp-content\/uploads\/2025\/11\/pexels-shvets-production-8415899-2-scaled.jpg 2560w, https:\/\/hellomarkus.fr\/wp-content\/uploads\/2025\/11\/pexels-shvets-production-8415899-2-300x200.jpg 300w, https:\/\/hellomarkus.fr\/wp-content\/uploads\/2025\/11\/pexels-shvets-production-8415899-2-1024x683.jpg 1024w, https:\/\/hellomarkus.fr\/wp-content\/uploads\/2025\/11\/pexels-shvets-production-8415899-2-768x512.jpg 768w, https:\/\/hellomarkus.fr\/wp-content\/uploads\/2025\/11\/pexels-shvets-production-8415899-2-1536x1024.jpg 1536w, https:\/\/hellomarkus.fr\/wp-content\/uploads\/2025\/11\/pexels-shvets-production-8415899-2-2048x1365.jpg 2048w\" sizes=\"auto, (max-width: 2560px) 100vw, 2560px\" \/><\/figure>\n<\/div>\n<\/div>\n<\/section>\n","protected":false},"excerpt":{"rendered":"<p>Pourquoi vous serez mieux ici qu&rsquo;ailleurs Markus est un&nbsp;mouvement social et sportif.&nbsp;Notre mission est de d\u00e9mocratiser la pratique du sport pour tous.&nbsp;Comment&nbsp;? En favorisant l\u2019insertion des personnes \u00e0 mobilit\u00e9 r\u00e9duite par une activit\u00e9 sportive dans des clubs et salles de sport grand public. &nbsp; \u00c0 qui s&rsquo;adresse Markus ? \u00c0 toutes les personnes pr\u00eatent \u00e0 [&hellip;]<\/p>\n","protected":false},"author":1,"featured_media":0,"parent":0,"menu_order":0,"comment_status":"closed","ping_status":"closed","template":"","meta":{"footnotes":""},"class_list":["post-38","page","type-page","status-publish","hentry"],"_links":{"self":[{"href":"https:\/\/hellomarkus.fr\/index.php\/wp-json\/wp\/v2\/pages\/38","targetHints":{"allow":["GET"]}}],"collection":[{"href":"https:\/\/hellomarkus.fr\/index.php\/wp-json\/wp\/v2\/pages"}],"about":[{"href":"https:\/\/hellomarkus.fr\/index.php\/wp-json\/wp\/v2\/types\/page"}],"author":[{"embeddable":true,"href":"https:\/\/hellomarkus.fr\/index.php\/wp-json\/wp\/v2\/users\/1"}],"replies":[{"embeddable":true,"href":"https:\/\/hellomarkus.fr\/index.php\/wp-json\/wp\/v2\/comments?post=38"}],"version-history":[{"count":13,"href":"https:\/\/hellomarkus.fr\/index.php\/wp-json\/wp\/v2\/pages\/38\/revisions"}],"predecessor-version":[{"id":126,"href":"https:\/\/hellomarkus.fr\/index.php\/wp-json\/wp\/v2\/pages\/38\/revisions\/126"}],"wp:attachment":[{"href":"https:\/\/hellomarkus.fr\/index.php\/wp-json\/wp\/v2\/media?parent=38"}],"curies":[{"name":"wp","href":"https:\/\/api.w.org\/{rel}","templated":true}]}}