{"id":41,"date":"2025-11-03T12:08:46","date_gmt":"2025-11-03T12:08:46","guid":{"rendered":"http:\/\/hellomarkus.fr\/?page_id=41"},"modified":"2025-11-11T10:47:40","modified_gmt":"2025-11-11T10:47:40","slug":"a-propos","status":"publish","type":"page","link":"http:\/\/hellomarkus.fr\/index.php\/a-propos\/","title":{"rendered":"Notre mission"},"content":{"rendered":"\n<section class=\"wp-block-group alignfull has-background has-global-padding is-layout-constrained wp-container-core-group-is-layout-126db89a wp-block-group-is-layout-constrained\" style=\"background-color:#fff3ea;margin-top:0px;margin-bottom:0;padding-top:1.7rem;padding-right:var(--wp--preset--spacing--30);padding-bottom:4.5rem;padding-left:var(--wp--preset--spacing--40);font-size:clamp(0.875rem, 0.875rem + ((1vw - 0.2rem) * 0.464), 1.13rem);font-style:normal;font-weight:400;line-height:1.4\">\n<div class=\"wp-block-columns is-layout-flex wp-container-core-columns-is-layout-03ad6a19 wp-block-columns-is-layout-flex\" style=\"margin-bottom:0px\">\n<div class=\"wp-block-column is-vertically-aligned-center is-layout-flow wp-block-column-is-layout-flow\" style=\"flex-basis:50%\">\n<figure class=\"wp-block-image alignleft size-full is-resized has-custom-border\"><img loading=\"lazy\" decoding=\"async\" width=\"981\" height=\"1308\" src=\"http:\/\/hellomarkus.fr\/wp-content\/uploads\/2025\/11\/Application-markus-edited.png\" alt=\"\" class=\"wp-image-77\" style=\"border-radius:30px;object-fit:cover;width:345px;height:auto\" srcset=\"http:\/\/hellomarkus.fr\/wp-content\/uploads\/2025\/11\/Application-markus-edited.png 981w, http:\/\/hellomarkus.fr\/wp-content\/uploads\/2025\/11\/Application-markus-edited-225x300.png 225w, http:\/\/hellomarkus.fr\/wp-content\/uploads\/2025\/11\/Application-markus-edited-768x1024.png 768w\" sizes=\"auto, (max-width: 981px) 100vw, 981px\" \/><\/figure>\n<\/div>\n\n\n\n<div class=\"wp-block-column is-vertically-aligned-center has-global-padding is-layout-constrained wp-container-core-column-is-layout-c4a7d96a wp-block-column-is-layout-constrained\" style=\"flex-basis:50%\">\n<h3 class=\"wp-block-heading has-text-align-left has-text-color has-suranna-font-family\" style=\"color:#3d4df5;margin-top:0.5rem;margin-bottom:0rem;font-size:clamp(24.034px, 1.502rem + ((1vw - 3.2px) * 1.814), 40px);font-style:normal;font-weight:500;letter-spacing:0px;line-height:1.3\">Rendre le sport\u00a0accessible\u00a0\u00e0 tous<\/h3>\n\n\n\n<p class=\"has-text-align-left has-text-color has-pontano-sans-font-family\" style=\"color:#000000;margin-top:19px;margin-bottom:19px;font-size:clamp(14px, 0.875rem + ((1vw - 3.2px) * 0.455), 18px);font-style:normal;font-weight:400;line-height:1.5\">Markus est la seule offre 360\u00b0 qui prend en compte la demande et l\u2019offre du march\u00e9. Nous agissons autour de 2 axes majeurs\u00a0:<\/p>\n\n\n\n<ul class=\"wp-block-list\">\n<li><strong>D\u00e9velopper et diversifier l\u2019activit\u00e9 sportive\u00a0pour tous<\/strong>\u00a0: \u00e9quiper, am\u00e9nager et rendre accessibles les salles de sport grand public afin qu\u2019elles puissent accueillir et accompagner les personnes \u00e0 mobilit\u00e9 r\u00e9duite dans leur pratique sportive.<\/li>\n\n\n\n<li><strong>Promouvoir les lieux de pratique\u00a0adapt\u00e9s\u00a0<\/strong>: transmettre l\u2019information aux personnes \u00e0 mobilit\u00e9 r\u00e9duite pour qu&rsquo;elles puissent enfin pratiquer du sport librement et collectivement.<\/li>\n<\/ul>\n\n\n\n<div class=\"wp-block-buttons is-horizontal is-content-justification-left is-layout-flex wp-container-core-buttons-is-layout-2c34cf1c wp-block-buttons-is-layout-flex\" style=\"margin-top:0.51rem\">\n<div class=\"wp-block-button has-custom-width wp-block-button__width-50 is-style-fill\"><a class=\"wp-block-button__link has-text-color has-background has-pontano-sans-font-family has-custom-font-size wp-element-button\" href=\"https:\/\/hellomarkus.fr\/index.php\/contact\/\" style=\"border-style:none;border-width:0px;border-radius:20rem;color:#fffffd;background-color:#3d4df5;padding-top:0.71rem;padding-right:0.31rem;padding-bottom:0.71rem;padding-left:0.31rem;font-size:clamp(0.875rem, 0.875rem + ((1vw - 0.2rem) * 0.245), 1.01rem);font-style:normal;font-weight:600;letter-spacing:1px;line-height:1.5;text-transform:none\">Nous contacter<\/a><\/div>\n<\/div>\n<\/div>\n<\/div>\n<\/section>\n\n\n\n<div class=\"wp-block-cover alignfull is-light\" style=\"border-style:none;border-width:0px;border-radius:0px;margin-top:0;margin-bottom:0;padding-top:3.4rem;padding-right:var(--wp--preset--spacing--60);padding-bottom:3.4rem;padding-left:var(--wp--preset--spacing--60)\"><span aria-hidden=\"true\" class=\"wp-block-cover__background has-background-dim-10 has-background-dim\" style=\"background-color:#e27013\"><\/span><div class=\"wp-block-cover__inner-container has-global-padding is-layout-constrained wp-container-core-cover-is-layout-52d22e2c wp-block-cover-is-layout-constrained\">\n<h2 class=\"wp-block-heading has-text-align-center has-text-color has-link-color wp-elements-c18982bc758f518abfe0eb25ef7b2b98\" style=\"color:#3d4df5;font-size:clamp(31.609px, 1.976rem + ((1vw - 3.2px) * 2.772), 56px);font-style:normal;font-weight:700;letter-spacing:1px\"><strong>Ensemble, changeons de regard et bousculons nos pr\u00e9jug\u00e9s<\/strong><\/h2>\n<\/div><\/div>\n\n\n\n<section class=\"wp-block-group alignfull has-background has-global-padding is-layout-constrained wp-container-core-group-is-layout-8202059b wp-block-group-is-layout-constrained\" style=\"background-color:#f2e4f2;margin-top:0px;padding-top:6rem;padding-right:1rem;padding-bottom:6rem;padding-left:1rem;font-size:clamp(0.875rem, 0.875rem + ((1vw - 0.2rem) * 0.464), 1.13rem);font-style:normal;font-weight:400;line-height:1.4\">\n<div class=\"wp-block-columns is-layout-flex wp-container-core-columns-is-layout-03ad6a19 wp-block-columns-is-layout-flex\" style=\"margin-bottom:0px\">\n<div class=\"wp-block-column is-vertically-aligned-center has-global-padding is-layout-constrained wp-container-core-column-is-layout-c4a7d96a wp-block-column-is-layout-constrained\" style=\"flex-basis:50%\">\n<h3 class=\"wp-block-heading has-text-align-left has-text-color has-suranna-font-family\" style=\"color:#010101;margin-top:0.5rem;margin-bottom:0rem;font-size:clamp(24.034px, 1.502rem + ((1vw - 3.2px) * 1.814), 40px);font-style:normal;font-weight:500;letter-spacing:0px;line-height:1.3\"><strong>Nos\u00a0valeurs<\/strong><\/h3>\n\n\n\n<p class=\"has-text-align-left has-text-color has-pontano-sans-font-family\" style=\"color:#010101;margin-top:20px;margin-bottom:20px;font-size:clamp(14px, 0.875rem + ((1vw - 3.2px) * 0.455), 18px);font-style:normal;font-weight:400;line-height:1.5\"><strong>Diversit\u00e9<\/strong>&nbsp;| Nous consid\u00e9rons toutes les personnes atteintes de limitions fonctionnelles et\/ou psychiques, qu&rsquo;elles soient visibles ou invisibles.<br>\u200d<\/p>\n\n\n\n<p><strong>\u00c9quit\u00e9<\/strong>&nbsp;| Chez Markus, nous pr\u00f4nons l\u2019\u00e9quit\u00e9. La qualit\u00e9 du service est la m\u00eame pour tous.<br>\u200d<\/p>\n\n\n\n<p><strong>Libert\u00e9<\/strong>&nbsp;| Nous agissons pour que les personnes \u00e0 mobilit\u00e9 r\u00e9duite et leurs aidants soient acteurs et d\u00e9cisionnaires de leur vie.<br>\u200d<\/p>\n\n\n\n<p><strong>Plaisir<\/strong>&nbsp;| Le sport doit toujours contribuer au bien-\u00eatre et au plaisir des personnes.<br>\u200d<\/p>\n\n\n\n<p class=\"has-text-align-left has-text-color has-pontano-sans-font-family\" style=\"color:#010101;margin-top:20px;margin-bottom:20px;font-size:clamp(14px, 0.875rem + ((1vw - 3.2px) * 0.455), 18px);font-style:normal;font-weight:400;line-height:1.5\"><strong>Ambition<\/strong>&nbsp;| Notre ambition n&rsquo;a aucune limite ! Nous aspirons \u00e0 l\u2019\u00e9volution des m\u0153urs et \u00e0 la d\u00e9mocratisation du sport pour tous.<\/p>\n\n\n\n<div class=\"wp-block-buttons is-horizontal is-content-justification-left is-layout-flex wp-container-core-buttons-is-layout-2c34cf1c wp-block-buttons-is-layout-flex\" style=\"margin-top:0.51rem\">\n<div class=\"wp-block-button has-custom-width wp-block-button__width-50 is-style-fill\"><a class=\"wp-block-button__link has-text-color has-background has-pontano-sans-font-family has-custom-font-size wp-element-button\" href=\"https:\/\/hellomarkus.fr\/index.php\/contact\/\" style=\"border-style:none;border-width:0px;border-radius:20rem;color:#fffffd;background-color:#3d4df5;padding-top:0.71rem;padding-right:0.31rem;padding-bottom:0.71rem;padding-left:0.31rem;font-size:clamp(0.875rem, 0.875rem + ((1vw - 0.2rem) * 0.245), 1.01rem);font-style:normal;font-weight:600;letter-spacing:1px;line-height:1.5;text-transform:uppercase\">Discover<\/a><\/div>\n<\/div>\n<\/div>\n\n\n\n<div class=\"wp-block-column is-vertically-aligned-center is-layout-flow wp-block-column-is-layout-flow\" style=\"flex-basis:50%\">\n<figure class=\"wp-block-image alignright size-full is-resized has-custom-border is-style-rounded\"><img loading=\"lazy\" decoding=\"async\" width=\"2560\" height=\"2560\" src=\"http:\/\/hellomarkus.fr\/wp-content\/uploads\/2025\/11\/pexels-ron-lach-9644812-edited-scaled.jpg\" alt=\"\" class=\"has-border-color has-tertiary-border-color wp-image-76\" style=\"border-width:1px;border-radius:30px;object-fit:cover;width:355px;height:auto\" srcset=\"http:\/\/hellomarkus.fr\/wp-content\/uploads\/2025\/11\/pexels-ron-lach-9644812-edited-scaled.jpg 2560w, http:\/\/hellomarkus.fr\/wp-content\/uploads\/2025\/11\/pexels-ron-lach-9644812-edited-300x300.jpg 300w, http:\/\/hellomarkus.fr\/wp-content\/uploads\/2025\/11\/pexels-ron-lach-9644812-edited-1024x1024.jpg 1024w, http:\/\/hellomarkus.fr\/wp-content\/uploads\/2025\/11\/pexels-ron-lach-9644812-edited-150x150.jpg 150w, http:\/\/hellomarkus.fr\/wp-content\/uploads\/2025\/11\/pexels-ron-lach-9644812-edited-768x768.jpg 768w, http:\/\/hellomarkus.fr\/wp-content\/uploads\/2025\/11\/pexels-ron-lach-9644812-edited-1536x1536.jpg 1536w, http:\/\/hellomarkus.fr\/wp-content\/uploads\/2025\/11\/pexels-ron-lach-9644812-edited-2048x2048.jpg 2048w\" sizes=\"auto, (max-width: 2560px) 100vw, 2560px\" \/><\/figure>\n<\/div>\n<\/div>\n<\/section>\n","protected":false},"excerpt":{"rendered":"<p>Rendre le sport\u00a0accessible\u00a0\u00e0 tous Markus est la seule offre 360\u00b0 qui prend en compte la demande et l\u2019offre du march\u00e9. Nous agissons autour de 2 axes majeurs\u00a0: Nos\u00a0valeurs Diversit\u00e9&nbsp;| Nous consid\u00e9rons toutes les personnes atteintes de limitions fonctionnelles et\/ou psychiques, qu&rsquo;elles soient visibles ou invisibles.\u200d \u00c9quit\u00e9&nbsp;| Chez Markus, nous pr\u00f4nons l\u2019\u00e9quit\u00e9. La qualit\u00e9 du service [&hellip;]<\/p>\n","protected":false},"author":1,"featured_media":0,"parent":0,"menu_order":0,"comment_status":"closed","ping_status":"closed","template":"","meta":{"footnotes":""},"class_list":["post-41","page","type-page","status-publish","hentry"],"_links":{"self":[{"href":"http:\/\/hellomarkus.fr\/index.php\/wp-json\/wp\/v2\/pages\/41","targetHints":{"allow":["GET"]}}],"collection":[{"href":"http:\/\/hellomarkus.fr\/index.php\/wp-json\/wp\/v2\/pages"}],"about":[{"href":"http:\/\/hellomarkus.fr\/index.php\/wp-json\/wp\/v2\/types\/page"}],"author":[{"embeddable":true,"href":"http:\/\/hellomarkus.fr\/index.php\/wp-json\/wp\/v2\/users\/1"}],"replies":[{"embeddable":true,"href":"http:\/\/hellomarkus.fr\/index.php\/wp-json\/wp\/v2\/comments?post=41"}],"version-history":[{"count":13,"href":"http:\/\/hellomarkus.fr\/index.php\/wp-json\/wp\/v2\/pages\/41\/revisions"}],"predecessor-version":[{"id":141,"href":"http:\/\/hellomarkus.fr\/index.php\/wp-json\/wp\/v2\/pages\/41\/revisions\/141"}],"wp:attachment":[{"href":"http:\/\/hellomarkus.fr\/index.php\/wp-json\/wp\/v2\/media?parent=41"}],"curies":[{"name":"wp","href":"https:\/\/api.w.org\/{rel}","templated":true}]}}